{"id":42,"date":"2019-11-26T17:42:39","date_gmt":"2019-11-26T16:42:39","guid":{"rendered":"https:\/\/www.butterfisch-werbeagentur.de\/_test\/wordpress_verlaat\/?page_id=42"},"modified":"2025-01-22T17:45:28","modified_gmt":"2025-01-22T16:45:28","slug":"impressum","status":"publish","type":"page","link":"https:\/\/www.verlaat.de\/elektrotechnik\/impressum\/","title":{"rendered":"Impressum"},"content":{"rendered":"\n<h2 class=\"wp-block-heading\">Impressum<\/h2>\n\n\n\n<p><strong>Inhaltlich verantwortlich<\/strong>:<br>Gem\u00e4\u00df \u00a7 6 des deutschen Teledienste-Gesetzes sind Dienstanbieter verpflichtet, dem Internet-Nutzer nachfolgende Informationen zur Verf\u00fcgung zu stellen:<br><br><strong>Herausgeber:<\/strong><br>VERLAAT Elektrotechnik GmbH<br>Am Redder 4<br>D-24558 Henstedt-Ulzburg<br>Zentrale: 0 41 93 &#8211; 75 75 75<br>Vertrieb: 0 41 93 &#8211; 75 72 75<br><a href=\"http:\/\/www.verlaat.de\/\" target=\"_blank\" rel=\"noreferrer noopener\">http:\/\/www.verlaat.de<\/a><br><a href=\"mailto:etechnik@verlaat.de\">etechnik@verlaat.de<\/a><\/p>\n\n\n\n<p><strong>Gesch\u00e4ftsf\u00fchrer:<\/strong><br>Jan Verlaat <br>Dirk Cassens<br><\/p>\n\n\n\n<p><strong>HRB:<\/strong> 3711NO<br>Registergericht: Kiel<br>USt.-ID. Nr.: DE 164 632 474 <\/p>\n\n\n\n<p><strong>Programmierung und Design:<\/strong><br><a rel=\"noreferrer noopener\" aria-label=\" (\u00f6ffnet in neuem Tab)\" href=\"https:\/\/www.butterfisch-werbeagentur.de\/\" target=\"_blank\">Butterfisch Werbeagentur GmbH<\/a><\/p>\n\n\n\n<h2 class=\"wp-block-heading\">Haftungsausschluss<\/h2>\n\n\n\n<h4 class=\"wp-block-heading\">1. Inhalt des Onlineangebotes<\/h4>\n\n\n\n<p>Der\n im Impressum benannte Betreiber der Webseite \u00fcbernimmt keinerlei Gew\u00e4hr\n f\u00fcr die Aktualit\u00e4t, Korrektheit, Vollst\u00e4ndigkeit oder Qualit\u00e4t der \nbereitgestellten Informationen. Haftungsanspr\u00fcche, welche sich auf \nSch\u00e4den materieller oder ideeller Art beziehen, die durch die Nutzung \noder Nichtnutzung der dargebotenen Informationen bzw. durch die Nutzung \nfehlerhafter und unvollst\u00e4ndiger Informationen verursacht wurden, sind \ngrunds\u00e4tzlich ausgeschlossen, sofern seitens des im Impressum genannten \nBetreibers kein nachweislich vors\u00e4tzliches oder grob fahrl\u00e4ssiges \nVerschulden vorliegt.<br>Alle Angebote sind freibleibend und \nunverbindlich. Der Betreiber beh\u00e4lt es sich ausdr\u00fccklich vor, Teile der \nSeiten oder das gesamte Angebot ohne gesonderte Ank\u00fcndigung zu \nver\u00e4ndern, zu erg\u00e4nzen, zu l\u00f6schen oder die Ver\u00f6ffentlichung zeitweise \noder endg\u00fcltig einzustellen.<\/p>\n\n\n\n<h4 class=\"wp-block-heading\">2. Verweise und Links<\/h4>\n\n\n\n<p>Bei\n direkten oder indirekten Verweisen auf fremde Internetseiten (&#8222;Links&#8220;),\n die au\u00dferhalb des Verantwortungsbereiches des Betreibers liegen, w\u00fcrde \neine Haftungsverpflichtung ausschlie\u00dflich in dem Fall in Kraft treten, \nin dem der Betreiber von den Inhalten Kenntnis hat und es ihm technisch \nm\u00f6glich und zumutbar w\u00e4re, die Nutzung im Falle rechtswidriger Inhalte \nzu verhindern.<br>Der Betreiber erkl\u00e4rt hiermit ausdr\u00fccklich, dass zum \nZeitpunkt der Linksetzung keine illegalen Inhalte auf den zu \nverlinkenden Seiten erkennbar waren. Auf die aktuelle und zuk\u00fcnftige \nGestaltung, die Inhalte oder die Urheberschaft der gelinkten\/verkn\u00fcpften\n Seiten hat der Betreiber keinerlei Einfluss. Deshalb distanziert er \nsich hiermit ausdr\u00fccklich von allen Inhalten aller gelinkten \n\/verkn\u00fcpften Seiten, die nach der Linksetzung ver\u00e4ndert wurden. Diese \nFeststellung gilt f\u00fcr alle innerhalb des eigenen Internetangebotes \ngesetzten Links und Verweise sowie f\u00fcr Fremdeintr\u00e4ge in vom Autor \neingerichteten G\u00e4steb\u00fcchern, Diskussionsforen und Mailinglisten. F\u00fcr \nillegale, fehlerhafte oder unvollst\u00e4ndige Inhalte und insbesondere f\u00fcr \nSch\u00e4den, die aus der Nutzung oder Nichtnutzung solcherart dargebotener \nInformationen entstehen, haftet allein der Anbieter der Seite, auf \nwelche verwiesen wurde, nicht derjenige, der \u00fcber Links auf die \njeweilige Ver\u00f6ffentlichung lediglich verweist.<\/p>\n\n\n\n<h4 class=\"wp-block-heading\">3. Urheber- und Kennzeichenrecht<\/h4>\n\n\n\n<p>Der\n Betreiber ist bestrebt, in allen Publikationen die Urheberrechte der \nverwendeten Grafiken, Tondokumente, Videosequenzen und Texte zu \nbeachten, von ihm selbst erstellte Grafiken, Tondokumente, \nVideosequenzen und Texte zu nutzen oder auf lizenzfreie Grafiken, \nTondokumente, Videosequenzen und Texte zur\u00fcckzugreifen. <br>Alle \ninnerhalb des Internetangebotes genannten und ggf. durch Dritte \ngesch\u00fctzten Marken- und Warenzeichen unterliegen uneingeschr\u00e4nkt den \nBestimmungen des jeweils g\u00fcltigen Kennzeichenrechts und den \nBesitzrechten der jeweiligen eingetragenen Eigent\u00fcmer. Allein aufgrund \nder blo\u00dfen Nennung ist nicht der Schlu\u00df zu ziehen, dass Markenzeichen \nnicht durch Rechte Dritter gesch\u00fctzt sind! <br>Das Copyright f\u00fcr \nver\u00f6ffentlichte, vom Betreiber selbst erstellte Objekte bleibt allein \nbeim Betreiber der Seiten. Eine Vervielf\u00e4ltigung oder Verwendung solcher\n Grafiken, Tondokumente, Videosequenzen und Texte in anderen \nelektronischen oder gedruckten Publikationen ist ohne ausdr\u00fcckliche \nZustimmung des Betreibers nicht gestattet.<\/p>\n\n\n\n<h4 class=\"wp-block-heading\">4. Datenschutz<\/h4>\n\n\n\n<p>Sofern\n innerhalb des Internetangebotes die M\u00f6glichkeit zur Eingabe \npers\u00f6nlicher oder gesch\u00e4ftlicher Daten (E-Mailadressen, Namen, \nAnschriften) besteht, so erfolgt die Preisgabe dieser Daten seitens des \nNutzers auf ausdr\u00fccklich freiwilliger Basis. Die Inanspruchnahme und \nBezahlung aller angebotenen Dienste ist &#8211; soweit technisch m\u00f6glich und \nzumutbar &#8211; auch ohne Angabe solcher Daten bzw. unter Angabe \nanonymisierter Daten oder eines Pseudonyms gestattet.<\/p>\n\n\n\n<h4 class=\"wp-block-heading\">5. Rechtswirksamkeit dieses Haftungsausschlusses<\/h4>\n\n\n\n<p>Dieser  Haftungsausschluss ist als Teil des Internetangebotes zu betrachten,  von dem aus auf diese Seite verwiesen wurde. Sofern Teile oder einzelne  Formulierungen dieses Textes der geltenden Rechtslage nicht, nicht mehr  oder nicht vollst\u00e4ndig entsprechen sollten, bleiben die \u00fcbrigen Teile  des Dokumentes in ihrem Inhalt und ihrer G\u00fcltigkeit davon unber\u00fchrt.<\/p>\n\n\n\n<h2 class=\"wp-block-heading\">Hinweis auf GoogleAnalytics<\/h2>\n\n\n\n<p>Diese Website benutzt Google Analytics, einen Webanalysedienst der Google Inc. (\u201eGoogle\u201c). Google Analytics verwendet sog. \u201eCookies\u201c, Textdateien, die auf Ihrem Computer gespeichert werden und die eine Analyse der Benutzung der Website durch Sie erm\u00f6glichen. Die durch den Cookie erzeugten Informationen \u00fcber Ihre Benutzung dieser Website werden in der Regel an einen Server von Google in den USA \u00fcbertragen und dort gespeichert. Im Falle der Aktivierung der IP-Anonymisierung auf dieser Webseite, wird Ihre IP-Adresse von Google jedoch innerhalb von Mitgliedstaaten der Europ\u00e4ischen Union oder in anderen Vertragsstaaten des Abkommens \u00fcber den Europ\u00e4ischen Wirtschaftsraum zuvor gek\u00fcrzt. Nur in Ausnahmef\u00e4llen wird die volle IP-Adresse an einen Server von Google in den USA \u00fcbertragen und dort gek\u00fcrzt. Im Auftrag des Betreibers dieser Website wird Google diese Informationen benutzen, um Ihre Nutzung der Website auszuwerten, um Reports \u00fcber die Websiteaktivit\u00e4ten zusammenzustellen und um weitere mit der Websitenutzung und der Internetnutzung verbundene Dienstleistungen gegen\u00fcber dem Websitebetreiber zu erbringen. Die im Rahmen von Google Analytics von Ihrem Browser \u00fcbermittelte IP-Adresse wird nicht mit anderen Daten von Google zusammengef\u00fchrt. Sie k\u00f6nnen die Speicherung der Cookies durch eine entsprechende Einstellung Ihrer Browser-Software verhindern; wir weisen Sie jedoch darauf hin, dass Sie in diesem Fall gegebenenfalls nicht s\u00e4mtliche Funktionen dieser Website vollumf\u00e4nglich werden nutzen k\u00f6nnen. Sie k\u00f6nnen dar\u00fcber hinaus die Erfassung der durch das Cookie erzeugten und auf Ihre Nutzung der Website bezogenen Daten (inkl. Ihrer IP-Adresse) an Google sowie die Verarbeitung dieser Daten durch Google verhindern, indem sie das unter dem folgenden <a rel=\"noreferrer noopener\" aria-label=\"Link (\u00f6ffnet in neuem Tab)\" href=\"https:\/\/tools.google.com\/dlpage\/gaoptout?hl=de\" target=\"_blank\">Link<\/a> verf\u00fcgbare Browser-Plugin herunterladen und installieren. <\/p>\n","protected":false},"excerpt":{"rendered":"<p>Impressum Inhaltlich verantwortlich:Gem\u00e4\u00df \u00a7 6 des deutschen Teledienste-Gesetzes sind Dienstanbieter verpflichtet, dem Internet-Nutzer nachfolgende Informationen zur Verf\u00fcgung zu stellen: Herausgeber:VERLAAT Elektrotechnik GmbHAm Redder 4D-24558 Henstedt-UlzburgZentrale: 0 41 93 &#8211; 75 75 75Vertrieb: 0 41 93 &#8211; 75 72 75http:\/\/www.verlaat.deetechnik@verlaat.de Gesch\u00e4ftsf\u00fchrer:Jan Verlaat Dirk Cassens HRB: 3711NORegistergericht: KielUSt.-ID. Nr.: DE 164 632 474 Programmierung und Design:Butterfisch Werbeagentur [&hellip;]<\/p>\n","protected":false},"author":1,"featured_media":0,"parent":0,"menu_order":1000,"comment_status":"closed","ping_status":"closed","template":"standard.php","meta":{"_acf_changed":false,"footnotes":""},"class_list":["post-42","page","type-page","status-publish","hentry"],"acf":[],"_links":{"self":[{"href":"https:\/\/www.verlaat.de\/elektrotechnik\/wp-json\/wp\/v2\/pages\/42","targetHints":{"allow":["GET"]}}],"collection":[{"href":"https:\/\/www.verlaat.de\/elektrotechnik\/wp-json\/wp\/v2\/pages"}],"about":[{"href":"https:\/\/www.verlaat.de\/elektrotechnik\/wp-json\/wp\/v2\/types\/page"}],"author":[{"embeddable":true,"href":"https:\/\/www.verlaat.de\/elektrotechnik\/wp-json\/wp\/v2\/users\/1"}],"replies":[{"embeddable":true,"href":"https:\/\/www.verlaat.de\/elektrotechnik\/wp-json\/wp\/v2\/comments?post=42"}],"version-history":[{"count":10,"href":"https:\/\/www.verlaat.de\/elektrotechnik\/wp-json\/wp\/v2\/pages\/42\/revisions"}],"predecessor-version":[{"id":392,"href":"https:\/\/www.verlaat.de\/elektrotechnik\/wp-json\/wp\/v2\/pages\/42\/revisions\/392"}],"wp:attachment":[{"href":"https:\/\/www.verlaat.de\/elektrotechnik\/wp-json\/wp\/v2\/media?parent=42"}],"curies":[{"name":"wp","href":"https:\/\/api.w.org\/{rel}","templated":true}]}}